{"id":8894,"date":"2022-10-14T15:49:47","date_gmt":"2022-10-14T19:49:47","guid":{"rendered":"https:\/\/briviagroup.ca\/comite-aviseur\/"},"modified":"2025-01-03T13:28:14","modified_gmt":"2025-01-03T18:28:14","slug":"comite-aviseur","status":"publish","type":"page","link":"https:\/\/briviagroup.ca\/en\/comite-aviseur\/","title":{"rendered":"Advisory Board"},"content":{"rendered":"<div class=\"wpb-content-wrapper\"><p>[vc_row overlay_dotted=&#8221;&#8221; el_id=&#8221;section_title&#8221; css=&#8221;.vc_custom_1521061605850{margin-bottom: 20px !important;}&#8221;][vc_column][vc_column_text]<\/p>\n<h3 class=\"p1\" style=\"text-align: center;\">Advisory Board<\/h3>\n<p><img loading=\"lazy\" decoding=\"async\" class=\"alignnone size-full wp-image-15 aligncenter hidden\" src=\"https:\/\/brivia.vascoweb.biz\/wp-content\/uploads\/2017\/11\/yellowBar.png\" alt=\"\" width=\"104\" height=\"3\" \/>[\/vc_column_text][vc_column_text]<img loading=\"lazy\" decoding=\"async\" class=\"yellow_bar aligncenter wp-image-61 size-full\" src=\"\/wp-content\/uploads\/2017\/11\/yellowBar.png?_t=1509997741\" alt=\"\" width=\"209\" height=\"6\" \/>[\/vc_column_text][vc_empty_space height=&#8221;60px&#8221;][\/vc_column][\/vc_row][vc_row disable_element=&#8221;yes&#8221; overlay_dotted=&#8221;&#8221;][vc_column][vc_column_text el_class=&#8221;no_padding&#8221; css=&#8221;.vc_custom_1540304885052{padding-bottom: 20px !important;}&#8221;]<\/p>\n<h4 class=\"no_padding\" style=\"text-align: center;\"><strong>L\u2019\u00e9quipe de Groupe Brivia est reconnue pour ses r\u00e9alisations ing\u00e9nieuses,\u00a0le souci du d\u00e9tail apport\u00e9 \u00e0 chaque projet ainsi que pour sa contribution cr\u00e9ative dans l&#8217;atteinte de r\u00e9sultats\u00a0que nous esp\u00e9rons exemplaires.<br \/>\n<\/strong><\/h4>\n<p>[\/vc_column_text][vc_separator color=&#8221;white&#8221; css=&#8221;.vc_custom_1509998145374{margin-top: 20px !important;}&#8221;][\/vc_column][\/vc_row][vc_row overlay_dotted=&#8221;&#8221; el_class=&#8221;advisorBlock&#8221;][vc_column width=&#8221;1\/3&#8243; el_class=&#8221;advisorInfoCol&#8221; offset=&#8221;vc_col-md-3&#8243;][vc_single_image image=&#8221;8884&#8243; img_size=&#8221;full&#8221; style=&#8221;vc_box_border&#8221; el_class=&#8221;advisorPhoto&#8221;][vc_custom_heading text=&#8221;Hon. Martin Cauchon,<br \/>\nP.C., LL.M., ICD.D, Ad. E.&#8221; font_container=&#8221;tag:div|text_align:left&#8221; use_theme_fonts=&#8221;yes&#8221; el_class=&#8221;advisorName&#8221;][vc_column_text el_class=&#8221;advisorTitle&#8221;]Chairman, Advisory Board<br \/>\nCounsel, DS Lawyers Canda[\/vc_column_text][\/vc_column][vc_column width=&#8221;2\/3&#8243; el_class=&#8221;advisorTextCol&#8221; offset=&#8221;vc_col-md-9&#8243;][vc_column_text el_class=&#8221;advisorText&#8221;]Martin Cauchon has had a distinguished political career at the federal level and in the private sector which provides him with in-depth knowledge of a wide variety of issues and challenges that businesses are facing. First elected as a Member of Parliament in October 1993, in the riding of Outremont, Quebec, he subsequently held numerous positions in the federal government. He was Secretary of State (Economic Development Agency of Canada for the Regions of Quebec), Minister of National Revenue, Minister of Justice and Attorney General of Canada. Mtre Cauchon completed a Master of Laws in International Business Legal Studies at the University of Exeter in England and he is now Counsel at DS Avocats Canada.[\/vc_column_text][\/vc_column][\/vc_row][vc_row][vc_column][vc_empty_space height=&#8221;12px&#8221;][vc_separator color=&#8221;custom&#8221; border_width=&#8221;2&#8243; el_width=&#8221;90&#8243; accent_color=&#8221;#cab939&#8243;][vc_empty_space height=&#8221;50px&#8221;][\/vc_column][\/vc_row][vc_row overlay_dotted=&#8221;&#8221; el_class=&#8221;advisorBlock&#8221;][vc_column width=&#8221;1\/3&#8243; el_class=&#8221;advisorInfoCol&#8221; offset=&#8221;vc_col-md-3&#8243;][vc_single_image image=&#8221;7024&#8243; img_size=&#8221;full&#8221; style=&#8221;vc_box_border&#8221; el_class=&#8221;advisorPhoto&#8221;][vc_custom_heading text=&#8221;Kheng Ly&#8221; font_container=&#8221;tag:div|text_align:left&#8221; use_theme_fonts=&#8221;yes&#8221; el_class=&#8221;advisorName&#8221;][vc_column_text el_class=&#8221;advisorTitle&#8221;]Advisor, Advisory Board<br \/>\nPresident &amp; CEO, Brivia Group[\/vc_column_text][\/vc_column][vc_column width=&#8221;2\/3&#8243; el_class=&#8221;advisorTextCol&#8221; offset=&#8221;vc_col-md-9&#8243;][vc_column_text el_class=&#8221;advisorText&#8221;]Kheng Ly is the Founder, President and CEO of Brivia Group, a real estate development and investment company. Settled in Qu\u00e9bec for nearly 35 years, he started out in the manufacturing sector and then discovered a great passion for the real estate industry, which led him to found, in 2000, his own real estate development and investment company, Brivia Group. Under his leadership and vision, the company has grown rapidly and now has over 20 projects developed or under development in Qu\u00e9bec, Vancouver and Greater Toronto area. Deeply committed to community development, Kheng Ly actively contributes his knowledge to several non-profit organizations and causes that are close to his heart.[\/vc_column_text][\/vc_column][\/vc_row][vc_row][vc_column][vc_empty_space height=&#8221;12px&#8221;][vc_separator color=&#8221;custom&#8221; border_width=&#8221;2&#8243; el_width=&#8221;90&#8243; accent_color=&#8221;#cab939&#8243;][vc_empty_space height=&#8221;50px&#8221;][\/vc_column][\/vc_row][vc_row overlay_dotted=&#8221;&#8221; el_class=&#8221;advisorBlock&#8221;][vc_column width=&#8221;1\/3&#8243; el_class=&#8221;advisorInfoCol&#8221; offset=&#8221;vc_col-md-3&#8243;][vc_single_image image=&#8221;8887&#8243; img_size=&#8221;full&#8221; style=&#8221;vc_box_border&#8221; el_class=&#8221;advisorPhoto&#8221;][vc_custom_heading text=&#8221;Mtre Marie-Anne Tawil,<br \/>\nLL.L, LL.B, MBA, IAS.A&#8221; font_container=&#8221;tag:div|text_align:left&#8221; use_theme_fonts=&#8221;yes&#8221; el_class=&#8221;advisorName&#8221;][vc_column_text el_class=&#8221;advisorTitle&#8221;]External Advisor, Advisory Board<br \/>\n<span class=\"ui-provider ve b c d e f g h i j k l m n o p q r s t u v w x y z ab ac ae af ag ah ai aj ak\" dir=\"ltr\">Corporate Director<\/span>[\/vc_column_text][\/vc_column][vc_column width=&#8221;2\/3&#8243; el_class=&#8221;advisorTextCol&#8221; offset=&#8221;vc_col-md-9&#8243;][vc_column_text el_class=&#8221;advisorText&#8221;]An accomplished senior executive, entrepreneur, lawyer and corporate director, Marie-Anne Tawil has extensive experience in strategy, corporate restructuring and mergers and acquisitions. She is a recipient of the Queen Elizabeth II Diamond Jubilee Medal, awarded for her contribution to the advancement of women in business. She has over 35 years of legal experience, primarily in the area of corporate, commercial and securities law. Since 2017, she has been involved in the foundations and businesses of Guy Lalibert\u00e9 and was President and CEO of Lune Rouge Inc. Since 2006, she has had the privilege of sitting on several boards of directors of large private and public companies, including that of Hydro-Qu\u00e9bec and the SAAQ, and she currently sits on the boards of Dundee Precious Metals and Gelpac Inc.[\/vc_column_text][\/vc_column][\/vc_row][vc_row][vc_column][vc_empty_space height=&#8221;12px&#8221;][vc_separator color=&#8221;custom&#8221; border_width=&#8221;2&#8243; el_width=&#8221;90&#8243; accent_color=&#8221;#cab939&#8243;][vc_empty_space height=&#8221;50px&#8221;][\/vc_column][\/vc_row][vc_row disable_element=&#8221;yes&#8221; overlay_dotted=&#8221;&#8221;][vc_column][vc_separator color=&#8221;custom&#8221; border_width=&#8221;2&#8243; el_width=&#8221;90&#8243; accent_color=&#8221;#cab939&#8243;][vc_empty_space][\/vc_column][\/vc_row]<\/p>\n<\/div>","protected":false},"excerpt":{"rendered":"[vc_row overlay_dotted=&#8221;&#8221; el_id=&#8221;section_title&#8221; css=&#8221;.vc_custom_1521061605850{margin-bottom: 20px !important;}&#8221;][vc_column][vc_column_text] Advisory Board [\/vc_column_text][vc_column_text][\/vc_column_text][vc_empty_space height=&#8221;60px&#8221;][\/vc_column][\/vc_row][vc_row disable_element=&#8221;yes&#8221; overlay_dotted=&#8221;&#8221;][vc_column][vc_column_text el_class=&#8221;no_padding&#8221; css=&#8221;.vc_custom_1540304885052{padding-bottom: 20px !important;}&#8221;] L\u2019\u00e9quipe de Groupe Brivia est reconnue pour ses r\u00e9alisations ing\u00e9nieuses,\u00a0le souci du d\u00e9tail apport\u00e9 \u00e0 chaque projet ainsi que pour sa contribution cr\u00e9ative dans l&#8217;atteinte de r\u00e9sultats\u00a0que nous esp\u00e9rons exemplaires. [\/vc_column_text][vc_separator color=&#8221;white&#8221; css=&#8221;.vc_custom_1509998145374{margin-top: 20px !important;}&#8221;][\/vc_column][\/vc_row][vc_row overlay_dotted=&#8221;&#8221; el_class=&#8221;advisorBlock&#8221;][vc_column width=&#8221;1\/3&#8243; el_class=&#8221;advisorInfoCol&#8221;&#8230;","protected":false},"author":2,"featured_media":0,"parent":0,"menu_order":0,"comment_status":"closed","ping_status":"closed","template":"","meta":{"_acf_changed":false,"footnotes":""},"class_list":["post-8894","page","type-page","status-publish","hentry"],"acf":[],"aioseo_notices":[],"_links":{"self":[{"href":"https:\/\/briviagroup.ca\/en\/wp-json\/wp\/v2\/pages\/8894","targetHints":{"allow":["GET"]}}],"collection":[{"href":"https:\/\/briviagroup.ca\/en\/wp-json\/wp\/v2\/pages"}],"about":[{"href":"https:\/\/briviagroup.ca\/en\/wp-json\/wp\/v2\/types\/page"}],"author":[{"embeddable":true,"href":"https:\/\/briviagroup.ca\/en\/wp-json\/wp\/v2\/users\/2"}],"replies":[{"embeddable":true,"href":"https:\/\/briviagroup.ca\/en\/wp-json\/wp\/v2\/comments?post=8894"}],"version-history":[{"count":9,"href":"https:\/\/briviagroup.ca\/en\/wp-json\/wp\/v2\/pages\/8894\/revisions"}],"predecessor-version":[{"id":30561,"href":"https:\/\/briviagroup.ca\/en\/wp-json\/wp\/v2\/pages\/8894\/revisions\/30561"}],"wp:attachment":[{"href":"https:\/\/briviagroup.ca\/en\/wp-json\/wp\/v2\/media?parent=8894"}],"curies":[{"name":"wp","href":"https:\/\/api.w.org\/{rel}","templated":true}]}}